{"id":145,"date":"2024-10-30T14:55:21","date_gmt":"2024-10-30T14:55:21","guid":{"rendered":"https:\/\/josefernandezpro.com\/?page_id=145"},"modified":"2024-10-30T15:38:34","modified_gmt":"2024-10-30T15:38:34","slug":"chema-barcelo-chef","status":"publish","type":"page","link":"https:\/\/josefernandezpro.com\/?page_id=145","title":{"rendered":"Chema Barcel\u00f3 &#8211; Chef"},"content":{"rendered":"\t\t<div data-elementor-type=\"wp-page\" data-elementor-id=\"145\" class=\"elementor elementor-145\" data-elementor-post-type=\"page\">\n\t\t\t\t<div class=\"elementor-element elementor-element-7957aac e-con-full e-flex e-con e-parent\" data-id=\"7957aac\" data-element_type=\"container\">\n\t\t<div class=\"elementor-element elementor-element-ed415ef e-con-full e-flex e-con e-child\" data-id=\"ed415ef\" data-element_type=\"container\">\n\t\t\t\t<div class=\"elementor-element elementor-element-7922d48 elementor-widget elementor-widget-image\" data-id=\"7922d48\" data-element_type=\"widget\" data-widget_type=\"image.default\">\n\t\t\t\t<div class=\"elementor-widget-container\">\n\t\t\t\t\t\t\t\t\t\t\t\t\t<img fetchpriority=\"high\" decoding=\"async\" width=\"800\" height=\"1014\" src=\"https:\/\/josefernandezpro.com\/wp-content\/uploads\/2024\/10\/chema-808x1024.jpg\" class=\"attachment-large size-large wp-image-148\" alt=\"chema barcelo chef de jose fernandez pro\" srcset=\"https:\/\/josefernandezpro.com\/wp-content\/uploads\/2024\/10\/chema-808x1024.jpg 808w, https:\/\/josefernandezpro.com\/wp-content\/uploads\/2024\/10\/chema-237x300.jpg 237w, https:\/\/josefernandezpro.com\/wp-content\/uploads\/2024\/10\/chema-768x974.jpg 768w, https:\/\/josefernandezpro.com\/wp-content\/uploads\/2024\/10\/chema-1211x1536.jpg 1211w, https:\/\/josefernandezpro.com\/wp-content\/uploads\/2024\/10\/chema-1615x2048.jpg 1615w, https:\/\/josefernandezpro.com\/wp-content\/uploads\/2024\/10\/chema-scaled.jpg 2019w\" sizes=\"(max-width: 800px) 100vw, 800px\" \/>\t\t\t\t\t\t\t\t\t\t\t\t\t<\/div>\n\t\t\t\t<\/div>\n\t\t\t\t<div class=\"elementor-element elementor-element-25c21ee elementor-widget elementor-widget-image\" data-id=\"25c21ee\" data-element_type=\"widget\" data-widget_type=\"image.default\">\n\t\t\t\t<div class=\"elementor-widget-container\">\n\t\t\t\t\t\t\t\t\t\t\t\t\t<img decoding=\"async\" width=\"800\" height=\"972\" src=\"https:\/\/josefernandezpro.com\/wp-content\/uploads\/2024\/10\/chema-2-copia-843x1024.jpg\" class=\"attachment-large size-large wp-image-150\" alt=\"\" srcset=\"https:\/\/josefernandezpro.com\/wp-content\/uploads\/2024\/10\/chema-2-copia-843x1024.jpg 843w, https:\/\/josefernandezpro.com\/wp-content\/uploads\/2024\/10\/chema-2-copia-247x300.jpg 247w, https:\/\/josefernandezpro.com\/wp-content\/uploads\/2024\/10\/chema-2-copia-768x933.jpg 768w, https:\/\/josefernandezpro.com\/wp-content\/uploads\/2024\/10\/chema-2-copia-1264x1536.jpg 1264w, https:\/\/josefernandezpro.com\/wp-content\/uploads\/2024\/10\/chema-2-copia-1686x2048.jpg 1686w\" sizes=\"(max-width: 800px) 100vw, 800px\" \/>\t\t\t\t\t\t\t\t\t\t\t\t\t<\/div>\n\t\t\t\t<\/div>\n\t\t\t\t<\/div>\n\t\t<div class=\"elementor-element elementor-element-7b2727d e-con-full e-flex e-con e-child\" data-id=\"7b2727d\" data-element_type=\"container\">\n\t\t<div class=\"elementor-element elementor-element-bb61085 e-con-full e-flex e-con e-child\" data-id=\"bb61085\" data-element_type=\"container\">\n\t\t\t\t<div class=\"elementor-element elementor-element-09efbff elementor-widget elementor-widget-heading\" data-id=\"09efbff\" data-element_type=\"widget\" data-widget_type=\"heading.default\">\n\t\t\t\t<div class=\"elementor-widget-container\">\n\t\t\t<h2 class=\"elementor-heading-title elementor-size-default\">Soy Chema Barcel\u00f3, chef en La Cocina de Jos\u00e9 Fern\u00e1ndez<\/h2>\t\t<\/div>\n\t\t\t\t<\/div>\n\t\t\t\t<\/div>\n\t\t<div class=\"elementor-element elementor-element-76ebaf6 e-con-full e-flex e-con e-child\" data-id=\"76ebaf6\" data-element_type=\"container\">\n\t\t\t\t<div class=\"elementor-element elementor-element-3ab755f elementor-widget elementor-widget-text-editor\" data-id=\"3ab755f\" data-element_type=\"widget\" data-widget_type=\"text-editor.default\">\n\t\t\t\t<div class=\"elementor-widget-container\">\n\t\t\t\t\t\t\t<p>Soy un <strong>apasionado de la cocina<\/strong> que empez\u00f3 en este oficio, como muchos, casi por casualidad. Con el paso de los a\u00f1os he descubierto que m\u00e1s que un oficio se ha convertido en una <strong>forma de vida<\/strong>. Pienso que el cocinero se hace m\u00e1s que se nace. <\/p><p>Las dudas e inseguridades de los primeros a\u00f1os han dado paso a los desaf\u00edos, los retos, la dif\u00edcil b\u00fasqueda de la creatividad y porque no decirlo, <strong>la satisfacci\u00f3n que produce el trabajo<\/strong> bien hecho o la felicitaci\u00f3n de un cliente.<\/p><p><strong>Empec\u00e9 mis estudios en<\/strong> <strong>1998<\/strong> en la escuela de hosteler\u00eda de Guayente, en Benasque. Al terminar el ciclo de cocina y otro a\u00f1o despu\u00e9s el de servicios junto a un buen amigo dimos el salto a las Canarias trabajando en un gran hotel de Fuerteventura.<\/p><p>Como an\u00e9cdota quede en <strong>primer lugar<\/strong> en el primer certamen de <strong>escuelas de hosteler\u00eda de Arag\u00f3n<\/strong> all\u00e1 por 2003. Para mi fue motivo de orgullo y un empuj\u00f3n al \u00faltimo a\u00f1o de mis estudios.<\/p><p>Realic\u00e9 mis <strong>pr\u00e1cticas<\/strong> de cocina en el restaurante Las Torres de Huesca pudiendo aprender del gran Fernando Abad\u00eda. <\/p><p>Tras trabajar en varios <strong>restaurantes y<\/strong> tambi\u00e9n en la <strong>pasteler\u00eda<\/strong> Ascaso de Huesca decid\u00ed ampliar mis estudios cursando el grado superior de Hosteler\u00eda en la escuela San Lorenzo de Huesca.<\/p><p>Al terminarlos empec\u00e9 a trabajar en la empresa de catering y eventos <strong>La cocina de Jose Fern\u00e1ndez<\/strong> en Almudevar (Huesca).<\/p><p>Desde entonces y hasta la actualidad continuo trabajando aqu\u00ed, en una empresa que por los <strong>m\u00faltiples servicios<\/strong> que ofrece me <strong>ha permitido seguir form\u00e1ndome en diferentes campos de la cocina<\/strong> como el catering, los banquetes, la elaboraci\u00f3n de men\u00fas infantiles y para colectividades, los platos elaborados para servir en tiendas de comida para llevar y un sinf\u00edn de actividades que a\u00f1o tras a\u00f1o vamos descubriendo y agregando a nuestra empresa.<\/p><p>Actualmente afrontamos un nuevo reto, transmitir el cari\u00f1o y la experiencia adquirida tras estos a\u00f1os, a la <strong>elaboraci\u00f3n de croquetas y diferentes elaborados para servir a diferentes sectores de la hosteler\u00eda<\/strong>.<\/p><p>Sin duda el <strong>trabajo en equipo y el compromiso<\/strong> firme son valores que para m\u00ed representan los pilares b\u00e1sicos de cualquier empresa.<\/p>\t\t\t\t\t\t<\/div>\n\t\t\t\t<\/div>\n\t\t\t\t<div class=\"elementor-element elementor-element-fe9c2b7 elementor-widget elementor-widget-image\" data-id=\"fe9c2b7\" data-element_type=\"widget\" data-widget_type=\"image.default\">\n\t\t\t\t<div class=\"elementor-widget-container\">\n\t\t\t\t\t\t\t\t\t\t\t\t\t<img decoding=\"async\" width=\"300\" height=\"206\" src=\"https:\/\/josefernandezpro.com\/wp-content\/uploads\/2024\/10\/FIRMA-03-300x206.png\" class=\"attachment-medium size-medium wp-image-151\" alt=\"\" srcset=\"https:\/\/josefernandezpro.com\/wp-content\/uploads\/2024\/10\/FIRMA-03-300x206.png 300w, https:\/\/josefernandezpro.com\/wp-content\/uploads\/2024\/10\/FIRMA-03-1024x702.png 1024w, https:\/\/josefernandezpro.com\/wp-content\/uploads\/2024\/10\/FIRMA-03-768x527.png 768w, https:\/\/josefernandezpro.com\/wp-content\/uploads\/2024\/10\/FIRMA-03-1536x1053.png 1536w, https:\/\/josefernandezpro.com\/wp-content\/uploads\/2024\/10\/FIRMA-03-2048x1404.png 2048w\" sizes=\"(max-width: 300px) 100vw, 300px\" \/>\t\t\t\t\t\t\t\t\t\t\t\t\t<\/div>\n\t\t\t\t<\/div>\n\t\t\t\t<\/div>\n\t\t\t\t<\/div>\n\t\t\t\t<\/div>\n\t\t\t\t<\/div>\n\t\t","protected":false},"excerpt":{"rendered":"<p>Soy Chema Barcel\u00f3, chef en La Cocina de Jos\u00e9 Fern\u00e1ndez Soy un apasionado de la cocina que empez\u00f3 en este oficio, como muchos, casi por casualidad. Con el paso de los a\u00f1os he descubierto que m\u00e1s que un oficio se ha convertido en una forma de vida. Pienso que el cocinero se hace m\u00e1s que [&hellip;]<\/p>\n","protected":false},"author":1,"featured_media":0,"parent":0,"menu_order":0,"comment_status":"closed","ping_status":"closed","template":"elementor_header_footer","meta":{"footnotes":""},"class_list":["post-145","page","type-page","status-publish","hentry"],"yoast_head":"<!-- This site is optimized with the Yoast SEO plugin v23.7 - https:\/\/yoast.com\/wordpress\/plugins\/seo\/ -->\n<title>Chema Barcel\u00f3 - Chef - Jos\u00e9 Fern\u00e1ndez PRO<\/title>\n<meta name=\"robots\" content=\"index, follow, max-snippet:-1, max-image-preview:large, max-video-preview:-1\" \/>\n<link rel=\"canonical\" href=\"https:\/\/josefernandezpro.com\/?page_id=145\" \/>\n<meta property=\"og:locale\" content=\"es_ES\" \/>\n<meta property=\"og:type\" content=\"article\" \/>\n<meta property=\"og:title\" content=\"Chema Barcel\u00f3 - Chef - Jos\u00e9 Fern\u00e1ndez PRO\" \/>\n<meta property=\"og:description\" content=\"Soy Chema Barcel\u00f3, chef en La Cocina de Jos\u00e9 Fern\u00e1ndez Soy un apasionado de la cocina que empez\u00f3 en este oficio, como muchos, casi por casualidad. Con el paso de los a\u00f1os he descubierto que m\u00e1s que un oficio se ha convertido en una forma de vida. Pienso que el cocinero se hace m\u00e1s que [&hellip;]\" \/>\n<meta property=\"og:url\" content=\"https:\/\/josefernandezpro.com\/?page_id=145\" \/>\n<meta property=\"og:site_name\" content=\"Jos\u00e9 Fern\u00e1ndez PRO\" \/>\n<meta property=\"article:modified_time\" content=\"2024-10-30T15:38:34+00:00\" \/>\n<meta property=\"og:image\" content=\"https:\/\/josefernandezpro.com\/wp-content\/uploads\/2024\/10\/chema-scaled.jpg\" \/>\n\t<meta property=\"og:image:width\" content=\"2019\" \/>\n\t<meta property=\"og:image:height\" content=\"2560\" \/>\n\t<meta property=\"og:image:type\" content=\"image\/jpeg\" \/>\n<meta name=\"twitter:card\" content=\"summary_large_image\" \/>\n<meta name=\"twitter:label1\" content=\"Tiempo de lectura\" \/>\n\t<meta name=\"twitter:data1\" content=\"3 minutos\" \/>\n<script type=\"application\/ld+json\" class=\"yoast-schema-graph\">{\"@context\":\"https:\/\/schema.org\",\"@graph\":[{\"@type\":\"WebPage\",\"@id\":\"https:\/\/josefernandezpro.com\/?page_id=145\",\"url\":\"https:\/\/josefernandezpro.com\/?page_id=145\",\"name\":\"Chema Barcel\u00f3 - Chef - Jos\u00e9 Fern\u00e1ndez PRO\",\"isPartOf\":{\"@id\":\"https:\/\/josefernandezpro.com\/#website\"},\"primaryImageOfPage\":{\"@id\":\"https:\/\/josefernandezpro.com\/?page_id=145#primaryimage\"},\"image\":{\"@id\":\"https:\/\/josefernandezpro.com\/?page_id=145#primaryimage\"},\"thumbnailUrl\":\"https:\/\/josefernandezpro.com\/wp-content\/uploads\/2024\/10\/chema-808x1024.jpg\",\"datePublished\":\"2024-10-30T14:55:21+00:00\",\"dateModified\":\"2024-10-30T15:38:34+00:00\",\"breadcrumb\":{\"@id\":\"https:\/\/josefernandezpro.com\/?page_id=145#breadcrumb\"},\"inLanguage\":\"es\",\"potentialAction\":[{\"@type\":\"ReadAction\",\"target\":[\"https:\/\/josefernandezpro.com\/?page_id=145\"]}]},{\"@type\":\"ImageObject\",\"inLanguage\":\"es\",\"@id\":\"https:\/\/josefernandezpro.com\/?page_id=145#primaryimage\",\"url\":\"https:\/\/josefernandezpro.com\/wp-content\/uploads\/2024\/10\/chema-scaled.jpg\",\"contentUrl\":\"https:\/\/josefernandezpro.com\/wp-content\/uploads\/2024\/10\/chema-scaled.jpg\",\"width\":2019,\"height\":2560,\"caption\":\"chema barcelo chef de jose fernandez pro\"},{\"@type\":\"BreadcrumbList\",\"@id\":\"https:\/\/josefernandezpro.com\/?page_id=145#breadcrumb\",\"itemListElement\":[{\"@type\":\"ListItem\",\"position\":1,\"name\":\"Portada\",\"item\":\"https:\/\/josefernandezpro.com\/\"},{\"@type\":\"ListItem\",\"position\":2,\"name\":\"Chema Barcel\u00f3 &#8211; Chef\"}]},{\"@type\":\"WebSite\",\"@id\":\"https:\/\/josefernandezpro.com\/#website\",\"url\":\"https:\/\/josefernandezpro.com\/\",\"name\":\"Jos\u00e9 Fern\u00e1ndez PRO\",\"description\":\"\",\"publisher\":{\"@id\":\"https:\/\/josefernandezpro.com\/#organization\"},\"potentialAction\":[{\"@type\":\"SearchAction\",\"target\":{\"@type\":\"EntryPoint\",\"urlTemplate\":\"https:\/\/josefernandezpro.com\/?s={search_term_string}\"},\"query-input\":{\"@type\":\"PropertyValueSpecification\",\"valueRequired\":true,\"valueName\":\"search_term_string\"}}],\"inLanguage\":\"es\"},{\"@type\":\"Organization\",\"@id\":\"https:\/\/josefernandezpro.com\/#organization\",\"name\":\"Jos\u00e9 Fern\u00e1ndez PRO\",\"url\":\"https:\/\/josefernandezpro.com\/\",\"logo\":{\"@type\":\"ImageObject\",\"inLanguage\":\"es\",\"@id\":\"https:\/\/josefernandezpro.com\/#\/schema\/logo\/image\/\",\"url\":\"https:\/\/josefernandezpro.com\/wp-content\/uploads\/2024\/10\/JoseFernandezCatering1-Recuperado-03-02.png\",\"contentUrl\":\"https:\/\/josefernandezpro.com\/wp-content\/uploads\/2024\/10\/JoseFernandezCatering1-Recuperado-03-02.png\",\"width\":3509,\"height\":1670,\"caption\":\"Jos\u00e9 Fern\u00e1ndez PRO\"},\"image\":{\"@id\":\"https:\/\/josefernandezpro.com\/#\/schema\/logo\/image\/\"}}]}<\/script>\n<!-- \/ Yoast SEO plugin. -->","yoast_head_json":{"title":"Chema Barcel\u00f3 - Chef - Jos\u00e9 Fern\u00e1ndez PRO","robots":{"index":"index","follow":"follow","max-snippet":"max-snippet:-1","max-image-preview":"max-image-preview:large","max-video-preview":"max-video-preview:-1"},"canonical":"https:\/\/josefernandezpro.com\/?page_id=145","og_locale":"es_ES","og_type":"article","og_title":"Chema Barcel\u00f3 - Chef - Jos\u00e9 Fern\u00e1ndez PRO","og_description":"Soy Chema Barcel\u00f3, chef en La Cocina de Jos\u00e9 Fern\u00e1ndez Soy un apasionado de la cocina que empez\u00f3 en este oficio, como muchos, casi por casualidad. Con el paso de los a\u00f1os he descubierto que m\u00e1s que un oficio se ha convertido en una forma de vida. Pienso que el cocinero se hace m\u00e1s que [&hellip;]","og_url":"https:\/\/josefernandezpro.com\/?page_id=145","og_site_name":"Jos\u00e9 Fern\u00e1ndez PRO","article_modified_time":"2024-10-30T15:38:34+00:00","og_image":[{"width":2019,"height":2560,"url":"https:\/\/josefernandezpro.com\/wp-content\/uploads\/2024\/10\/chema-scaled.jpg","type":"image\/jpeg"}],"twitter_card":"summary_large_image","twitter_misc":{"Tiempo de lectura":"3 minutos"},"schema":{"@context":"https:\/\/schema.org","@graph":[{"@type":"WebPage","@id":"https:\/\/josefernandezpro.com\/?page_id=145","url":"https:\/\/josefernandezpro.com\/?page_id=145","name":"Chema Barcel\u00f3 - Chef - Jos\u00e9 Fern\u00e1ndez PRO","isPartOf":{"@id":"https:\/\/josefernandezpro.com\/#website"},"primaryImageOfPage":{"@id":"https:\/\/josefernandezpro.com\/?page_id=145#primaryimage"},"image":{"@id":"https:\/\/josefernandezpro.com\/?page_id=145#primaryimage"},"thumbnailUrl":"https:\/\/josefernandezpro.com\/wp-content\/uploads\/2024\/10\/chema-808x1024.jpg","datePublished":"2024-10-30T14:55:21+00:00","dateModified":"2024-10-30T15:38:34+00:00","breadcrumb":{"@id":"https:\/\/josefernandezpro.com\/?page_id=145#breadcrumb"},"inLanguage":"es","potentialAction":[{"@type":"ReadAction","target":["https:\/\/josefernandezpro.com\/?page_id=145"]}]},{"@type":"ImageObject","inLanguage":"es","@id":"https:\/\/josefernandezpro.com\/?page_id=145#primaryimage","url":"https:\/\/josefernandezpro.com\/wp-content\/uploads\/2024\/10\/chema-scaled.jpg","contentUrl":"https:\/\/josefernandezpro.com\/wp-content\/uploads\/2024\/10\/chema-scaled.jpg","width":2019,"height":2560,"caption":"chema barcelo chef de jose fernandez pro"},{"@type":"BreadcrumbList","@id":"https:\/\/josefernandezpro.com\/?page_id=145#breadcrumb","itemListElement":[{"@type":"ListItem","position":1,"name":"Portada","item":"https:\/\/josefernandezpro.com\/"},{"@type":"ListItem","position":2,"name":"Chema Barcel\u00f3 &#8211; Chef"}]},{"@type":"WebSite","@id":"https:\/\/josefernandezpro.com\/#website","url":"https:\/\/josefernandezpro.com\/","name":"Jos\u00e9 Fern\u00e1ndez PRO","description":"","publisher":{"@id":"https:\/\/josefernandezpro.com\/#organization"},"potentialAction":[{"@type":"SearchAction","target":{"@type":"EntryPoint","urlTemplate":"https:\/\/josefernandezpro.com\/?s={search_term_string}"},"query-input":{"@type":"PropertyValueSpecification","valueRequired":true,"valueName":"search_term_string"}}],"inLanguage":"es"},{"@type":"Organization","@id":"https:\/\/josefernandezpro.com\/#organization","name":"Jos\u00e9 Fern\u00e1ndez PRO","url":"https:\/\/josefernandezpro.com\/","logo":{"@type":"ImageObject","inLanguage":"es","@id":"https:\/\/josefernandezpro.com\/#\/schema\/logo\/image\/","url":"https:\/\/josefernandezpro.com\/wp-content\/uploads\/2024\/10\/JoseFernandezCatering1-Recuperado-03-02.png","contentUrl":"https:\/\/josefernandezpro.com\/wp-content\/uploads\/2024\/10\/JoseFernandezCatering1-Recuperado-03-02.png","width":3509,"height":1670,"caption":"Jos\u00e9 Fern\u00e1ndez PRO"},"image":{"@id":"https:\/\/josefernandezpro.com\/#\/schema\/logo\/image\/"}}]}},"_links":{"self":[{"href":"https:\/\/josefernandezpro.com\/index.php?rest_route=\/wp\/v2\/pages\/145","targetHints":{"allow":["GET"]}}],"collection":[{"href":"https:\/\/josefernandezpro.com\/index.php?rest_route=\/wp\/v2\/pages"}],"about":[{"href":"https:\/\/josefernandezpro.com\/index.php?rest_route=\/wp\/v2\/types\/page"}],"author":[{"embeddable":true,"href":"https:\/\/josefernandezpro.com\/index.php?rest_route=\/wp\/v2\/users\/1"}],"replies":[{"embeddable":true,"href":"https:\/\/josefernandezpro.com\/index.php?rest_route=%2Fwp%2Fv2%2Fcomments&post=145"}],"version-history":[{"count":7,"href":"https:\/\/josefernandezpro.com\/index.php?rest_route=\/wp\/v2\/pages\/145\/revisions"}],"predecessor-version":[{"id":168,"href":"https:\/\/josefernandezpro.com\/index.php?rest_route=\/wp\/v2\/pages\/145\/revisions\/168"}],"wp:attachment":[{"href":"https:\/\/josefernandezpro.com\/index.php?rest_route=%2Fwp%2Fv2%2Fmedia&parent=145"}],"curies":[{"name":"wp","href":"https:\/\/api.w.org\/{rel}","templated":true}]}}